{"id":460,"date":"2020-08-10T12:29:38","date_gmt":"2020-08-10T10:29:38","guid":{"rendered":"http:\/\/neu.juwelier-elling.de\/?page_id=460"},"modified":"2026-03-04T10:17:51","modified_gmt":"2026-03-04T09:17:51","slug":"firmengeschichte","status":"publish","type":"page","link":"https:\/\/juwelier-elling.de\/index.php\/goldschmiede\/firmengeschichte\/","title":{"rendered":"Firmengeschichte"},"content":{"rendered":"\t\t<div data-elementor-type=\"wp-page\" data-elementor-id=\"460\" class=\"elementor elementor-460\">\n\t\t\t\t\t\t<section class=\"elementor-section elementor-top-section elementor-element elementor-element-c304f87 elementor-section-boxed elementor-section-height-default elementor-section-height-default\" data-id=\"c304f87\" data-element_type=\"section\" data-e-type=\"section\">\n\t\t\t\t\t\t<div class=\"elementor-container elementor-column-gap-default\">\n\t\t\t\t\t<div class=\"elementor-column elementor-col-100 elementor-top-column elementor-element elementor-element-8f9d72c\" data-id=\"8f9d72c\" data-element_type=\"column\" data-e-type=\"column\">\n\t\t\t<div class=\"elementor-widget-wrap elementor-element-populated\">\n\t\t\t\t\t\t<div class=\"elementor-element elementor-element-8b1a1ef elementor-widget elementor-widget-spacer\" data-id=\"8b1a1ef\" data-element_type=\"widget\" data-e-type=\"widget\" data-widget_type=\"spacer.default\">\n\t\t\t\t<div class=\"elementor-widget-container\">\n\t\t\t\t\t\t\t<div class=\"elementor-spacer\">\n\t\t\t<div class=\"elementor-spacer-inner\"><\/div>\n\t\t<\/div>\n\t\t\t\t\t\t<\/div>\n\t\t\t\t<\/div>\n\t\t\t\t\t<\/div>\n\t\t<\/div>\n\t\t\t\t\t<\/div>\n\t\t<\/section>\n\t\t\t\t<section class=\"elementor-section elementor-top-section elementor-element elementor-element-0d6f9c1 elementor-section-boxed elementor-section-height-default elementor-section-height-default\" data-id=\"0d6f9c1\" data-element_type=\"section\" data-e-type=\"section\">\n\t\t\t\t\t\t<div class=\"elementor-container elementor-column-gap-default\">\n\t\t\t\t\t<div class=\"elementor-column elementor-col-100 elementor-top-column elementor-element elementor-element-a0df6dc\" data-id=\"a0df6dc\" data-element_type=\"column\" data-e-type=\"column\">\n\t\t\t<div class=\"elementor-widget-wrap elementor-element-populated\">\n\t\t\t\t\t\t<div class=\"elementor-element elementor-element-441755e elementor-widget elementor-widget-heading\" data-id=\"441755e\" data-element_type=\"widget\" data-e-type=\"widget\" data-widget_type=\"heading.default\">\n\t\t\t\t<div class=\"elementor-widget-container\">\n\t\t\t\t\t<h2 class=\"elementor-heading-title elementor-size-default\">Juwelier Elling \u2013 seit 1749 in Eberswalde<\/h2>\t\t\t\t<\/div>\n\t\t\t\t<\/div>\n\t\t\t\t\t<\/div>\n\t\t<\/div>\n\t\t\t\t\t<\/div>\n\t\t<\/section>\n\t\t\t\t<section class=\"elementor-section elementor-top-section elementor-element elementor-element-a96579f elementor-section-boxed elementor-section-height-default elementor-section-height-default\" data-id=\"a96579f\" data-element_type=\"section\" data-e-type=\"section\">\n\t\t\t\t\t\t<div class=\"elementor-container elementor-column-gap-default\">\n\t\t\t\t\t<div class=\"elementor-column elementor-col-50 elementor-top-column elementor-element elementor-element-b00bd85\" data-id=\"b00bd85\" data-element_type=\"column\" data-e-type=\"column\">\n\t\t\t<div class=\"elementor-widget-wrap elementor-element-populated\">\n\t\t\t\t\t\t<div class=\"elementor-element elementor-element-688901b elementor-widget elementor-widget-text-editor\" data-id=\"688901b\" data-element_type=\"widget\" data-e-type=\"widget\" data-widget_type=\"text-editor.default\">\n\t\t\t\t<div class=\"elementor-widget-container\">\n\t\t\t\t\t\t\t\t\t<p>In 7. Generation arbeitet Familie Elling schon in Eberswalde mit edlem Metall.<\/p><p>Der Vorfahr kam aus dem Kurland, hatte in Tilsit gelernt und auf der Wanderschaft, die f\u00fcr Handwerksgesellen \u00fcblich war, in Eberswalde die Witwe eines Meisters geheiratet.<\/p><p>Ein Dokument aus dem Archiv belegt, dass er 1749 selbst Handwerksmeister wurde, die Rechte und Pflichten eines B\u00fcrgers der Stadt bekam und damit den Grundstein f\u00fcr das heutige Familienunternehmen legte.<\/p><p>Fast h\u00e4tte der zweite Weltkrieg mit seinen Folgen die Geschichte beendet. Das Haus verbrannte, wurde enteignet und abgerissen. Der junge Meister der schon \u00fcbernommen hatte verstarb.<\/p><p>Da gab sein Bruder, Werner Elling, seine Pl\u00e4ne Medizin zu studieren auf und lernte das Handwerk seiner Familie, das er auch unter den schwierigen Verh\u00e4ltnissen in der DDR selbstst\u00e4ndig aus\u00fcben konnte.<\/p><p>1992 \u00fcbernahm sein Sohn Andreas die Firma, die er heute mit seiner Frau Anke betreibt.<\/p><p>Beide haben an der Fachschule f\u00fcr angewandte Kunst in Heiligendamm studiert.<\/p><p>Drei weiter Goldschmiede arbeiten heute in der Werkstatt in Eberswalde.<\/p><p>Wird die Geschichte weiter gehen?<\/p>\t\t\t\t\t\t\t\t<\/div>\n\t\t\t\t<\/div>\n\t\t\t\t\t<\/div>\n\t\t<\/div>\n\t\t\t\t<div class=\"elementor-column elementor-col-50 elementor-top-column elementor-element elementor-element-11c7e41\" data-id=\"11c7e41\" data-element_type=\"column\" data-e-type=\"column\">\n\t\t\t<div class=\"elementor-widget-wrap elementor-element-populated\">\n\t\t\t\t\t\t<div class=\"elementor-element elementor-element-6f5131b elementor-widget elementor-widget-image\" data-id=\"6f5131b\" data-element_type=\"widget\" data-e-type=\"widget\" data-widget_type=\"image.default\">\n\t\t\t\t<div class=\"elementor-widget-container\">\n\t\t\t\t\t\t\t\t\t\t\t\t\t\t\t<img fetchpriority=\"high\" decoding=\"async\" width=\"721\" height=\"1024\" src=\"https:\/\/juwelier-elling.de\/wp-content\/uploads\/2020\/08\/A-A-006_Meisterbrief-721x1024.jpg\" class=\"attachment-large size-large wp-image-489\" alt=\"\" srcset=\"https:\/\/juwelier-elling.de\/wp-content\/uploads\/2020\/08\/A-A-006_Meisterbrief-721x1024.jpg 721w, https:\/\/juwelier-elling.de\/wp-content\/uploads\/2020\/08\/A-A-006_Meisterbrief-211x300.jpg 211w, https:\/\/juwelier-elling.de\/wp-content\/uploads\/2020\/08\/A-A-006_Meisterbrief-768x1090.jpg 768w, https:\/\/juwelier-elling.de\/wp-content\/uploads\/2020\/08\/A-A-006_Meisterbrief-1082x1536.jpg 1082w, https:\/\/juwelier-elling.de\/wp-content\/uploads\/2020\/08\/A-A-006_Meisterbrief-1442x2048.jpg 1442w, https:\/\/juwelier-elling.de\/wp-content\/uploads\/2020\/08\/A-A-006_Meisterbrief-scaled.jpg 1803w\" sizes=\"(max-width: 721px) 100vw, 721px\" \/>\t\t\t\t\t\t\t\t\t\t\t\t\t\t\t<\/div>\n\t\t\t\t<\/div>\n\t\t\t\t\t<\/div>\n\t\t<\/div>\n\t\t\t\t\t<\/div>\n\t\t<\/section>\n\t\t\t\t<section class=\"elementor-section elementor-top-section elementor-element elementor-element-1fa3a63 elementor-section-boxed elementor-section-height-default elementor-section-height-default\" data-id=\"1fa3a63\" data-element_type=\"section\" data-e-type=\"section\">\n\t\t\t\t\t\t<div class=\"elementor-container elementor-column-gap-default\">\n\t\t\t\t\t<div class=\"elementor-column elementor-col-50 elementor-top-column elementor-element elementor-element-9b22bae\" data-id=\"9b22bae\" data-element_type=\"column\" data-e-type=\"column\">\n\t\t\t<div class=\"elementor-widget-wrap elementor-element-populated\">\n\t\t\t\t\t\t<div class=\"elementor-element elementor-element-6b97e1c elementor-widget elementor-widget-image\" data-id=\"6b97e1c\" data-element_type=\"widget\" data-e-type=\"widget\" data-widget_type=\"image.default\">\n\t\t\t\t<div class=\"elementor-widget-container\">\n\t\t\t\t\t\t\t\t\t\t\t\t\t\t\t<img decoding=\"async\" width=\"750\" height=\"489\" src=\"https:\/\/juwelier-elling.de\/wp-content\/uploads\/2020\/08\/A-B-006_Laden-1913.bmp\" class=\"attachment-large size-large wp-image-491\" alt=\"\" \/>\t\t\t\t\t\t\t\t\t\t\t\t\t\t\t<\/div>\n\t\t\t\t<\/div>\n\t\t\t\t<div class=\"elementor-element elementor-element-5cc5b9e elementor-widget elementor-widget-image\" data-id=\"5cc5b9e\" data-element_type=\"widget\" data-e-type=\"widget\" data-widget_type=\"image.default\">\n\t\t\t\t<div class=\"elementor-widget-container\">\n\t\t\t\t\t\t\t\t\t\t\t\t\t\t\t<img decoding=\"async\" width=\"750\" height=\"563\" src=\"https:\/\/juwelier-elling.de\/wp-content\/uploads\/2020\/08\/A-B-008-1024x768.jpg\" class=\"attachment-large size-large wp-image-492\" alt=\"\" srcset=\"https:\/\/juwelier-elling.de\/wp-content\/uploads\/2020\/08\/A-B-008-1024x768.jpg 1024w, https:\/\/juwelier-elling.de\/wp-content\/uploads\/2020\/08\/A-B-008-300x225.jpg 300w, https:\/\/juwelier-elling.de\/wp-content\/uploads\/2020\/08\/A-B-008-768x576.jpg 768w, https:\/\/juwelier-elling.de\/wp-content\/uploads\/2020\/08\/A-B-008-1536x1152.jpg 1536w, https:\/\/juwelier-elling.de\/wp-content\/uploads\/2020\/08\/A-B-008.jpg 2000w\" sizes=\"(max-width: 750px) 100vw, 750px\" \/>\t\t\t\t\t\t\t\t\t\t\t\t\t\t\t<\/div>\n\t\t\t\t<\/div>\n\t\t\t\t\t<\/div>\n\t\t<\/div>\n\t\t\t\t<div class=\"elementor-column elementor-col-50 elementor-top-column elementor-element elementor-element-6b3478b\" data-id=\"6b3478b\" data-element_type=\"column\" data-e-type=\"column\">\n\t\t\t<div class=\"elementor-widget-wrap elementor-element-populated\">\n\t\t\t\t\t\t<div class=\"elementor-element elementor-element-722923b elementor-widget elementor-widget-image\" data-id=\"722923b\" data-element_type=\"widget\" data-e-type=\"widget\" data-widget_type=\"image.default\">\n\t\t\t\t<div class=\"elementor-widget-container\">\n\t\t\t\t\t\t\t\t\t\t\t\t\t\t\t<img loading=\"lazy\" decoding=\"async\" width=\"750\" height=\"1021\" src=\"https:\/\/juwelier-elling.de\/wp-content\/uploads\/2020\/08\/A-B-004-752x1024.jpg\" class=\"attachment-large size-large wp-image-490\" alt=\"\" srcset=\"https:\/\/juwelier-elling.de\/wp-content\/uploads\/2020\/08\/A-B-004-752x1024.jpg 752w, https:\/\/juwelier-elling.de\/wp-content\/uploads\/2020\/08\/A-B-004-220x300.jpg 220w, https:\/\/juwelier-elling.de\/wp-content\/uploads\/2020\/08\/A-B-004-768x1046.jpg 768w, https:\/\/juwelier-elling.de\/wp-content\/uploads\/2020\/08\/A-B-004-1128x1536.jpg 1128w, https:\/\/juwelier-elling.de\/wp-content\/uploads\/2020\/08\/A-B-004.jpg 1491w\" sizes=\"(max-width: 750px) 100vw, 750px\" \/>\t\t\t\t\t\t\t\t\t\t\t\t\t\t\t<\/div>\n\t\t\t\t<\/div>\n\t\t\t\t\t<\/div>\n\t\t<\/div>\n\t\t\t\t\t<\/div>\n\t\t<\/section>\n\t\t\t\t<\/div>\n\t\t","protected":false},"excerpt":{"rendered":"<p>Juwelier Elling \u2013 seit 1749 in Eberswalde In 7. Generation arbeitet Familie Elling schon in Eberswalde mit edlem Metall. Der Vorfahr kam aus dem Kurland, hatte in Tilsit gelernt und auf der Wanderschaft, die f\u00fcr Handwerksgesellen \u00fcblich war, in Eberswalde die Witwe eines Meisters geheiratet. Ein Dokument aus dem Archiv<a class=\"moretag\" href=\"https:\/\/juwelier-elling.de\/index.php\/goldschmiede\/firmengeschichte\/\"> Weiterlesen<\/a><\/p>\n","protected":false},"author":1,"featured_media":0,"parent":11,"menu_order":0,"comment_status":"closed","ping_status":"closed","template":"page-templates\/template-fullwidth.php","meta":{"footnotes":""},"class_list":["post-460","page","type-page","status-publish","hentry"],"jetpack_sharing_enabled":true,"_links":{"self":[{"href":"https:\/\/juwelier-elling.de\/index.php\/wp-json\/wp\/v2\/pages\/460","targetHints":{"allow":["GET"]}}],"collection":[{"href":"https:\/\/juwelier-elling.de\/index.php\/wp-json\/wp\/v2\/pages"}],"about":[{"href":"https:\/\/juwelier-elling.de\/index.php\/wp-json\/wp\/v2\/types\/page"}],"author":[{"embeddable":true,"href":"https:\/\/juwelier-elling.de\/index.php\/wp-json\/wp\/v2\/users\/1"}],"replies":[{"embeddable":true,"href":"https:\/\/juwelier-elling.de\/index.php\/wp-json\/wp\/v2\/comments?post=460"}],"version-history":[{"count":5,"href":"https:\/\/juwelier-elling.de\/index.php\/wp-json\/wp\/v2\/pages\/460\/revisions"}],"predecessor-version":[{"id":494,"href":"https:\/\/juwelier-elling.de\/index.php\/wp-json\/wp\/v2\/pages\/460\/revisions\/494"}],"up":[{"embeddable":true,"href":"https:\/\/juwelier-elling.de\/index.php\/wp-json\/wp\/v2\/pages\/11"}],"wp:attachment":[{"href":"https:\/\/juwelier-elling.de\/index.php\/wp-json\/wp\/v2\/media?parent=460"}],"curies":[{"name":"wp","href":"https:\/\/api.w.org\/{rel}","templated":true}]}}