{"id":336,"date":"2020-06-11T07:29:01","date_gmt":"2020-06-11T05:29:01","guid":{"rendered":"http:\/\/neu.juwelier-elling.de\/?page_id=336"},"modified":"2026-03-04T10:21:06","modified_gmt":"2026-03-04T09:21:06","slug":"unikate","status":"publish","type":"page","link":"https:\/\/juwelier-elling.de\/index.php\/goldschmiede\/unikate\/","title":{"rendered":"Unikate"},"content":{"rendered":"\t\t<div data-elementor-type=\"wp-page\" data-elementor-id=\"336\" class=\"elementor elementor-336\">\n\t\t\t\t\t\t<section class=\"elementor-section elementor-top-section elementor-element elementor-element-31d9f9d elementor-section-boxed elementor-section-height-default elementor-section-height-default\" data-id=\"31d9f9d\" data-element_type=\"section\" data-e-type=\"section\">\n\t\t\t\t\t\t<div class=\"elementor-container elementor-column-gap-default\">\n\t\t\t\t\t<div class=\"elementor-column elementor-col-100 elementor-top-column elementor-element elementor-element-ad49c25\" data-id=\"ad49c25\" data-element_type=\"column\" data-e-type=\"column\">\n\t\t\t<div class=\"elementor-widget-wrap elementor-element-populated\">\n\t\t\t\t\t\t<div class=\"elementor-element elementor-element-851d1a4 elementor-widget elementor-widget-spacer\" data-id=\"851d1a4\" data-element_type=\"widget\" data-e-type=\"widget\" data-widget_type=\"spacer.default\">\n\t\t\t\t<div class=\"elementor-widget-container\">\n\t\t\t\t\t\t\t<div class=\"elementor-spacer\">\n\t\t\t<div class=\"elementor-spacer-inner\"><\/div>\n\t\t<\/div>\n\t\t\t\t\t\t<\/div>\n\t\t\t\t<\/div>\n\t\t\t\t\t<\/div>\n\t\t<\/div>\n\t\t\t\t\t<\/div>\n\t\t<\/section>\n\t\t\t\t<section class=\"elementor-section elementor-top-section elementor-element elementor-element-16b7909 elementor-section-boxed elementor-section-height-default elementor-section-height-default\" data-id=\"16b7909\" data-element_type=\"section\" data-e-type=\"section\">\n\t\t\t\t\t\t<div class=\"elementor-container elementor-column-gap-default\">\n\t\t\t\t\t<div class=\"elementor-column elementor-col-100 elementor-top-column elementor-element elementor-element-2269c3d\" data-id=\"2269c3d\" data-element_type=\"column\" data-e-type=\"column\">\n\t\t\t<div class=\"elementor-widget-wrap elementor-element-populated\">\n\t\t\t\t\t\t<div class=\"elementor-element elementor-element-42904c4 elementor-widget elementor-widget-heading\" data-id=\"42904c4\" data-element_type=\"widget\" data-e-type=\"widget\" data-widget_type=\"heading.default\">\n\t\t\t\t<div class=\"elementor-widget-container\">\n\t\t\t\t\t<h2 class=\"elementor-heading-title elementor-size-default\">Die Verlockungen der neuen Form<\/h2>\t\t\t\t<\/div>\n\t\t\t\t<\/div>\n\t\t\t\t\t<\/div>\n\t\t<\/div>\n\t\t\t\t\t<\/div>\n\t\t<\/section>\n\t\t\t\t<section class=\"elementor-section elementor-top-section elementor-element elementor-element-1778442 elementor-section-boxed elementor-section-height-default elementor-section-height-default\" data-id=\"1778442\" data-element_type=\"section\" data-e-type=\"section\">\n\t\t\t\t\t\t<div class=\"elementor-container elementor-column-gap-default\">\n\t\t\t\t\t<div class=\"elementor-column elementor-col-50 elementor-top-column elementor-element elementor-element-e488ce1\" data-id=\"e488ce1\" data-element_type=\"column\" data-e-type=\"column\">\n\t\t\t<div class=\"elementor-widget-wrap elementor-element-populated\">\n\t\t\t\t\t\t<div class=\"elementor-element elementor-element-b0a4af1 elementor-widget elementor-widget-text-editor\" data-id=\"b0a4af1\" data-element_type=\"widget\" data-e-type=\"widget\" data-widget_type=\"text-editor.default\">\n\t\t\t\t<div class=\"elementor-widget-container\">\n\t\t\t\t\t\t\t\t\t<p>Stets hat uns die die Vorstellung neue Formen zu entwickeln, dem Material die M\u00f6glichkeiten zu entlocken, begeistert. Das war unser Beweggrund, Design zu studieren.<\/p><p>Schmuck ist etwas sehr Individuelles, K\u00f6rperbezogenes. Der ideale Ring hat immer etwas mit der Hand zu tun, f\u00fcr die er angefertigt wird. Bei Auftragsarbeiten entwickeln wir im Gespr\u00e4ch einen Entwurf, das Schmuckst\u00fcck \u201ew\u00e4chst\u201c dann im handwerklichen Prozess.<\/p><p>Bei freien Arbeiten haben wir meist eine Vorstellung von dem Menschen, zu dem es passen soll. Bleibt die spannende Frage, wann dieser Mensch und unsere Arbeit zusammenfinden.<\/p>\t\t\t\t\t\t\t\t<\/div>\n\t\t\t\t<\/div>\n\t\t\t\t\t<\/div>\n\t\t<\/div>\n\t\t\t\t<div class=\"elementor-column elementor-col-50 elementor-top-column elementor-element elementor-element-d4c0f09\" data-id=\"d4c0f09\" data-element_type=\"column\" data-e-type=\"column\">\n\t\t\t<div class=\"elementor-widget-wrap elementor-element-populated\">\n\t\t\t\t\t\t<div class=\"elementor-element elementor-element-e0e0e1c elementor-widget elementor-widget-image\" data-id=\"e0e0e1c\" data-element_type=\"widget\" data-e-type=\"widget\" data-widget_type=\"image.default\">\n\t\t\t\t<div class=\"elementor-widget-container\">\n\t\t\t\t\t\t\t\t\t\t\t\t\t\t\t<img fetchpriority=\"high\" decoding=\"async\" width=\"300\" height=\"300\" src=\"https:\/\/juwelier-elling.de\/wp-content\/uploads\/2020\/06\/Feuer-300x300.jpg\" class=\"attachment-medium size-medium wp-image-420\" alt=\"\" srcset=\"https:\/\/juwelier-elling.de\/wp-content\/uploads\/2020\/06\/Feuer-300x300.jpg 300w, https:\/\/juwelier-elling.de\/wp-content\/uploads\/2020\/06\/Feuer-150x150.jpg 150w, https:\/\/juwelier-elling.de\/wp-content\/uploads\/2020\/06\/Feuer-768x768.jpg 768w, https:\/\/juwelier-elling.de\/wp-content\/uploads\/2020\/06\/Feuer.jpg 1014w\" sizes=\"(max-width: 300px) 100vw, 300px\" \/>\t\t\t\t\t\t\t\t\t\t\t\t\t\t\t<\/div>\n\t\t\t\t<\/div>\n\t\t\t\t\t<\/div>\n\t\t<\/div>\n\t\t\t\t\t<\/div>\n\t\t<\/section>\n\t\t\t\t<section class=\"elementor-section elementor-top-section elementor-element elementor-element-4b12d77 elementor-section-boxed elementor-section-height-default elementor-section-height-default\" data-id=\"4b12d77\" data-element_type=\"section\" data-e-type=\"section\">\n\t\t\t\t\t\t<div class=\"elementor-container elementor-column-gap-default\">\n\t\t\t\t\t<div class=\"elementor-column elementor-col-33 elementor-top-column elementor-element elementor-element-e9f3ff1\" data-id=\"e9f3ff1\" data-element_type=\"column\" data-e-type=\"column\">\n\t\t\t<div class=\"elementor-widget-wrap elementor-element-populated\">\n\t\t\t\t\t\t<div class=\"elementor-element elementor-element-5d61686 elementor-widget elementor-widget-e_image_hover_effects\" data-id=\"5d61686\" data-element_type=\"widget\" data-e-type=\"widget\" data-widget_type=\"e_image_hover_effects.default\">\n\t\t\t\t<div class=\"elementor-widget-container\">\n\t\t\t\t\t\t\t\t<div class=\"eihe-box eihe-fade-in-up eihe_center\">\n\t\t\t\t<img decoding=\"async\" width=\"2056\" height=\"2056\" src=\"https:\/\/juwelier-elling.de\/wp-content\/uploads\/2020\/08\/Ohrstecker-Opal.jpg\" class=\"attachment-full size-full wp-image-506\" alt=\"\" srcset=\"https:\/\/juwelier-elling.de\/wp-content\/uploads\/2020\/08\/Ohrstecker-Opal.jpg 2056w, https:\/\/juwelier-elling.de\/wp-content\/uploads\/2020\/08\/Ohrstecker-Opal-300x300.jpg 300w, https:\/\/juwelier-elling.de\/wp-content\/uploads\/2020\/08\/Ohrstecker-Opal-1024x1024.jpg 1024w, https:\/\/juwelier-elling.de\/wp-content\/uploads\/2020\/08\/Ohrstecker-Opal-150x150.jpg 150w, https:\/\/juwelier-elling.de\/wp-content\/uploads\/2020\/08\/Ohrstecker-Opal-768x768.jpg 768w, https:\/\/juwelier-elling.de\/wp-content\/uploads\/2020\/08\/Ohrstecker-Opal-1536x1536.jpg 1536w, https:\/\/juwelier-elling.de\/wp-content\/uploads\/2020\/08\/Ohrstecker-Opal-2048x2048.jpg 2048w\" sizes=\"(max-width: 2056px) 100vw, 2056px\" \/>\t\t\t\t<div class=\"eihe-caption\">\n\t\t\t\t\t<div class=\"eihe-title-cover\">\n\t\t\t\t\t\t\t\t\t\t\t\t<h3 class=\"eihe-title\">Ohrstecker Opal<\/h3>\n\t\t\t\t\t\t\t\t\t\t\t<\/div>\n\t\t\t\t\t<p><\/p>\n\t\t\t\t<\/div>\n\t\t\t<\/div>\n\t\t\t\t\t\t<\/div>\n\t\t\t\t<\/div>\n\t\t\t\t\t<\/div>\n\t\t<\/div>\n\t\t\t\t<div class=\"elementor-column elementor-col-33 elementor-top-column elementor-element elementor-element-8c0ffd2\" data-id=\"8c0ffd2\" data-element_type=\"column\" data-e-type=\"column\">\n\t\t\t<div class=\"elementor-widget-wrap elementor-element-populated\">\n\t\t\t\t\t\t<div class=\"elementor-element elementor-element-c317956 elementor-widget elementor-widget-e_image_hover_effects\" data-id=\"c317956\" data-element_type=\"widget\" data-e-type=\"widget\" data-widget_type=\"e_image_hover_effects.default\">\n\t\t\t\t<div class=\"elementor-widget-container\">\n\t\t\t\t\t\t\t\t<div class=\"eihe-box eihe-fade-in-up eihe_center\">\n\t\t\t\t<img decoding=\"async\" width=\"1247\" height=\"1247\" src=\"https:\/\/juwelier-elling.de\/wp-content\/uploads\/2020\/08\/Ohrstecker-Perle.jpg\" class=\"attachment-full size-full wp-image-508\" alt=\"\" srcset=\"https:\/\/juwelier-elling.de\/wp-content\/uploads\/2020\/08\/Ohrstecker-Perle.jpg 1247w, https:\/\/juwelier-elling.de\/wp-content\/uploads\/2020\/08\/Ohrstecker-Perle-300x300.jpg 300w, https:\/\/juwelier-elling.de\/wp-content\/uploads\/2020\/08\/Ohrstecker-Perle-1024x1024.jpg 1024w, https:\/\/juwelier-elling.de\/wp-content\/uploads\/2020\/08\/Ohrstecker-Perle-150x150.jpg 150w, https:\/\/juwelier-elling.de\/wp-content\/uploads\/2020\/08\/Ohrstecker-Perle-768x768.jpg 768w\" sizes=\"(max-width: 1247px) 100vw, 1247px\" \/>\t\t\t\t<div class=\"eihe-caption\">\n\t\t\t\t\t<div class=\"eihe-title-cover\">\n\t\t\t\t\t\t\t\t\t\t\t\t<h3 class=\"eihe-title\">Ohrstecker Perle<\/h3>\n\t\t\t\t\t\t\t\t\t\t\t<\/div>\n\t\t\t\t\t<p><\/p>\n\t\t\t\t<\/div>\n\t\t\t<\/div>\n\t\t\t\t\t\t<\/div>\n\t\t\t\t<\/div>\n\t\t\t\t\t<\/div>\n\t\t<\/div>\n\t\t\t\t<div class=\"elementor-column elementor-col-33 elementor-top-column elementor-element elementor-element-679340d\" data-id=\"679340d\" data-element_type=\"column\" data-e-type=\"column\">\n\t\t\t<div class=\"elementor-widget-wrap elementor-element-populated\">\n\t\t\t\t\t\t<div class=\"elementor-element elementor-element-0c728e9 elementor-widget elementor-widget-e_image_hover_effects\" data-id=\"0c728e9\" data-element_type=\"widget\" data-e-type=\"widget\" data-widget_type=\"e_image_hover_effects.default\">\n\t\t\t\t<div class=\"elementor-widget-container\">\n\t\t\t\t\t\t\t\t<div class=\"eihe-box eihe-fade-in-up eihe_center\">\n\t\t\t\t<img loading=\"lazy\" decoding=\"async\" width=\"2055\" height=\"2056\" src=\"https:\/\/juwelier-elling.de\/wp-content\/uploads\/2020\/08\/Ring-750.jpg\" class=\"attachment-full size-full wp-image-509\" alt=\"\" srcset=\"https:\/\/juwelier-elling.de\/wp-content\/uploads\/2020\/08\/Ring-750.jpg 2055w, https:\/\/juwelier-elling.de\/wp-content\/uploads\/2020\/08\/Ring-750-300x300.jpg 300w, https:\/\/juwelier-elling.de\/wp-content\/uploads\/2020\/08\/Ring-750-1024x1024.jpg 1024w, https:\/\/juwelier-elling.de\/wp-content\/uploads\/2020\/08\/Ring-750-150x150.jpg 150w, https:\/\/juwelier-elling.de\/wp-content\/uploads\/2020\/08\/Ring-750-768x768.jpg 768w, https:\/\/juwelier-elling.de\/wp-content\/uploads\/2020\/08\/Ring-750-1536x1536.jpg 1536w, https:\/\/juwelier-elling.de\/wp-content\/uploads\/2020\/08\/Ring-750-2048x2048.jpg 2048w\" sizes=\"(max-width: 2055px) 100vw, 2055px\" \/>\t\t\t\t<div class=\"eihe-caption\">\n\t\t\t\t\t<div class=\"eihe-title-cover\">\n\t\t\t\t\t\t\t\t\t\t\t\t<h3 class=\"eihe-title\">Ring<\/h3>\n\t\t\t\t\t\t\t\t\t\t\t<\/div>\n\t\t\t\t\t<p><\/p>\n\t\t\t\t<\/div>\n\t\t\t<\/div>\n\t\t\t\t\t\t<\/div>\n\t\t\t\t<\/div>\n\t\t\t\t\t<\/div>\n\t\t<\/div>\n\t\t\t\t\t<\/div>\n\t\t<\/section>\n\t\t\t\t<section class=\"elementor-section elementor-top-section elementor-element elementor-element-484a778 elementor-section-boxed elementor-section-height-default elementor-section-height-default\" data-id=\"484a778\" data-element_type=\"section\" data-e-type=\"section\">\n\t\t\t\t\t\t<div class=\"elementor-container elementor-column-gap-default\">\n\t\t\t\t\t<div class=\"elementor-column elementor-col-33 elementor-top-column elementor-element elementor-element-dd8eb22\" data-id=\"dd8eb22\" data-element_type=\"column\" data-e-type=\"column\">\n\t\t\t<div class=\"elementor-widget-wrap elementor-element-populated\">\n\t\t\t\t\t\t<div class=\"elementor-element elementor-element-38f3e9e elementor-widget elementor-widget-e_image_hover_effects\" data-id=\"38f3e9e\" data-element_type=\"widget\" data-e-type=\"widget\" data-widget_type=\"e_image_hover_effects.default\">\n\t\t\t\t<div class=\"elementor-widget-container\">\n\t\t\t\t\t\t\t\t<div class=\"eihe-box eihe-fade-in-up eihe_center\">\n\t\t\t\t<img loading=\"lazy\" decoding=\"async\" width=\"1747\" height=\"1747\" src=\"https:\/\/juwelier-elling.de\/wp-content\/uploads\/2020\/08\/Ring-Achat.jpg\" class=\"attachment-full size-full wp-image-510\" alt=\"\" srcset=\"https:\/\/juwelier-elling.de\/wp-content\/uploads\/2020\/08\/Ring-Achat.jpg 1747w, https:\/\/juwelier-elling.de\/wp-content\/uploads\/2020\/08\/Ring-Achat-300x300.jpg 300w, https:\/\/juwelier-elling.de\/wp-content\/uploads\/2020\/08\/Ring-Achat-1024x1024.jpg 1024w, https:\/\/juwelier-elling.de\/wp-content\/uploads\/2020\/08\/Ring-Achat-150x150.jpg 150w, https:\/\/juwelier-elling.de\/wp-content\/uploads\/2020\/08\/Ring-Achat-768x768.jpg 768w, https:\/\/juwelier-elling.de\/wp-content\/uploads\/2020\/08\/Ring-Achat-1536x1536.jpg 1536w\" sizes=\"(max-width: 1747px) 100vw, 1747px\" \/>\t\t\t\t<div class=\"eihe-caption\">\n\t\t\t\t\t<div class=\"eihe-title-cover\">\n\t\t\t\t\t\t\t\t\t\t\t\t<h3 class=\"eihe-title\">Ring Achat<\/h3>\n\t\t\t\t\t\t\t\t\t\t\t<\/div>\n\t\t\t\t\t<p><\/p>\n\t\t\t\t<\/div>\n\t\t\t<\/div>\n\t\t\t\t\t\t<\/div>\n\t\t\t\t<\/div>\n\t\t\t\t\t<\/div>\n\t\t<\/div>\n\t\t\t\t<div class=\"elementor-column elementor-col-33 elementor-top-column elementor-element elementor-element-b782f7e\" data-id=\"b782f7e\" data-element_type=\"column\" data-e-type=\"column\">\n\t\t\t<div class=\"elementor-widget-wrap elementor-element-populated\">\n\t\t\t\t\t\t<div class=\"elementor-element elementor-element-7aac8a0 elementor-widget elementor-widget-e_image_hover_effects\" data-id=\"7aac8a0\" data-element_type=\"widget\" data-e-type=\"widget\" data-widget_type=\"e_image_hover_effects.default\">\n\t\t\t\t<div class=\"elementor-widget-container\">\n\t\t\t\t\t\t\t\t<div class=\"eihe-box eihe-fade-in-up eihe_center\">\n\t\t\t\t<img loading=\"lazy\" decoding=\"async\" width=\"2056\" height=\"2056\" src=\"https:\/\/juwelier-elling.de\/wp-content\/uploads\/2020\/08\/Ring-Bl\u00e4ttchen.jpg\" class=\"attachment-full size-full wp-image-511\" alt=\"\" srcset=\"https:\/\/juwelier-elling.de\/wp-content\/uploads\/2020\/08\/Ring-Bl\u00e4ttchen.jpg 2056w, https:\/\/juwelier-elling.de\/wp-content\/uploads\/2020\/08\/Ring-Bl\u00e4ttchen-300x300.jpg 300w, https:\/\/juwelier-elling.de\/wp-content\/uploads\/2020\/08\/Ring-Bl\u00e4ttchen-1024x1024.jpg 1024w, https:\/\/juwelier-elling.de\/wp-content\/uploads\/2020\/08\/Ring-Bl\u00e4ttchen-150x150.jpg 150w, https:\/\/juwelier-elling.de\/wp-content\/uploads\/2020\/08\/Ring-Bl\u00e4ttchen-768x768.jpg 768w, https:\/\/juwelier-elling.de\/wp-content\/uploads\/2020\/08\/Ring-Bl\u00e4ttchen-1536x1536.jpg 1536w, https:\/\/juwelier-elling.de\/wp-content\/uploads\/2020\/08\/Ring-Bl\u00e4ttchen-2048x2048.jpg 2048w\" sizes=\"(max-width: 2056px) 100vw, 2056px\" \/>\t\t\t\t<div class=\"eihe-caption\">\n\t\t\t\t\t<div class=\"eihe-title-cover\">\n\t\t\t\t\t\t\t\t\t\t\t\t<h3 class=\"eihe-title\">Ring Bl\u00e4ttchen<\/h3>\n\t\t\t\t\t\t\t\t\t\t\t<\/div>\n\t\t\t\t\t<p><\/p>\n\t\t\t\t<\/div>\n\t\t\t<\/div>\n\t\t\t\t\t\t<\/div>\n\t\t\t\t<\/div>\n\t\t\t\t\t<\/div>\n\t\t<\/div>\n\t\t\t\t<div class=\"elementor-column elementor-col-33 elementor-top-column elementor-element elementor-element-bb930f3\" data-id=\"bb930f3\" data-element_type=\"column\" data-e-type=\"column\">\n\t\t\t<div class=\"elementor-widget-wrap elementor-element-populated\">\n\t\t\t\t\t\t<div class=\"elementor-element elementor-element-4240ecb elementor-widget elementor-widget-e_image_hover_effects\" data-id=\"4240ecb\" data-element_type=\"widget\" data-e-type=\"widget\" data-widget_type=\"e_image_hover_effects.default\">\n\t\t\t\t<div class=\"elementor-widget-container\">\n\t\t\t\t\t\t\t\t<div class=\"eihe-box eihe-fade-in-up eihe_center\">\n\t\t\t\t<img loading=\"lazy\" decoding=\"async\" width=\"1649\" height=\"1650\" src=\"https:\/\/juwelier-elling.de\/wp-content\/uploads\/2020\/08\/Ring-Goldeinlage.jpg\" class=\"attachment-full size-full wp-image-512\" alt=\"\" srcset=\"https:\/\/juwelier-elling.de\/wp-content\/uploads\/2020\/08\/Ring-Goldeinlage.jpg 1649w, https:\/\/juwelier-elling.de\/wp-content\/uploads\/2020\/08\/Ring-Goldeinlage-300x300.jpg 300w, https:\/\/juwelier-elling.de\/wp-content\/uploads\/2020\/08\/Ring-Goldeinlage-1024x1024.jpg 1024w, https:\/\/juwelier-elling.de\/wp-content\/uploads\/2020\/08\/Ring-Goldeinlage-150x150.jpg 150w, https:\/\/juwelier-elling.de\/wp-content\/uploads\/2020\/08\/Ring-Goldeinlage-768x768.jpg 768w, https:\/\/juwelier-elling.de\/wp-content\/uploads\/2020\/08\/Ring-Goldeinlage-1536x1536.jpg 1536w\" sizes=\"(max-width: 1649px) 100vw, 1649px\" \/>\t\t\t\t<div class=\"eihe-caption\">\n\t\t\t\t\t<div class=\"eihe-title-cover\">\n\t\t\t\t\t\t\t\t\t\t\t\t<h3 class=\"eihe-title\">Ring Goldeinlage<\/h3>\n\t\t\t\t\t\t\t\t\t\t\t<\/div>\n\t\t\t\t\t<p><\/p>\n\t\t\t\t<\/div>\n\t\t\t<\/div>\n\t\t\t\t\t\t<\/div>\n\t\t\t\t<\/div>\n\t\t\t\t\t<\/div>\n\t\t<\/div>\n\t\t\t\t\t<\/div>\n\t\t<\/section>\n\t\t\t\t<section class=\"elementor-section elementor-top-section elementor-element elementor-element-bd8eed8 elementor-section-boxed elementor-section-height-default elementor-section-height-default\" data-id=\"bd8eed8\" data-element_type=\"section\" data-e-type=\"section\">\n\t\t\t\t\t\t<div class=\"elementor-container elementor-column-gap-default\">\n\t\t\t\t\t<div class=\"elementor-column elementor-col-33 elementor-top-column elementor-element elementor-element-24d9bde\" data-id=\"24d9bde\" data-element_type=\"column\" data-e-type=\"column\">\n\t\t\t<div class=\"elementor-widget-wrap elementor-element-populated\">\n\t\t\t\t\t\t<div class=\"elementor-element elementor-element-2a035b7 elementor-widget elementor-widget-e_image_hover_effects\" data-id=\"2a035b7\" data-element_type=\"widget\" data-e-type=\"widget\" data-widget_type=\"e_image_hover_effects.default\">\n\t\t\t\t<div class=\"elementor-widget-container\">\n\t\t\t\t\t\t\t\t<div class=\"eihe-box eihe-fade-in-up eihe_center\">\n\t\t\t\t<img loading=\"lazy\" decoding=\"async\" width=\"1644\" height=\"1645\" src=\"https:\/\/juwelier-elling.de\/wp-content\/uploads\/2020\/08\/Ring-Silber.jpg\" class=\"attachment-full size-full wp-image-515\" alt=\"\" srcset=\"https:\/\/juwelier-elling.de\/wp-content\/uploads\/2020\/08\/Ring-Silber.jpg 1644w, https:\/\/juwelier-elling.de\/wp-content\/uploads\/2020\/08\/Ring-Silber-300x300.jpg 300w, https:\/\/juwelier-elling.de\/wp-content\/uploads\/2020\/08\/Ring-Silber-1024x1024.jpg 1024w, https:\/\/juwelier-elling.de\/wp-content\/uploads\/2020\/08\/Ring-Silber-150x150.jpg 150w, https:\/\/juwelier-elling.de\/wp-content\/uploads\/2020\/08\/Ring-Silber-768x768.jpg 768w, https:\/\/juwelier-elling.de\/wp-content\/uploads\/2020\/08\/Ring-Silber-1536x1536.jpg 1536w\" sizes=\"(max-width: 1644px) 100vw, 1644px\" \/>\t\t\t\t<div class=\"eihe-caption\">\n\t\t\t\t\t<div class=\"eihe-title-cover\">\n\t\t\t\t\t\t\t\t\t\t\t\t<h3 class=\"eihe-title\">Ring Silber<\/h3>\n\t\t\t\t\t\t\t\t\t\t\t<\/div>\n\t\t\t\t\t<p><\/p>\n\t\t\t\t<\/div>\n\t\t\t<\/div>\n\t\t\t\t\t\t<\/div>\n\t\t\t\t<\/div>\n\t\t\t\t\t<\/div>\n\t\t<\/div>\n\t\t\t\t<div class=\"elementor-column elementor-col-33 elementor-top-column elementor-element elementor-element-e9a1ac9\" data-id=\"e9a1ac9\" data-element_type=\"column\" data-e-type=\"column\">\n\t\t\t<div class=\"elementor-widget-wrap elementor-element-populated\">\n\t\t\t\t\t\t<div class=\"elementor-element elementor-element-0097328 elementor-widget elementor-widget-e_image_hover_effects\" data-id=\"0097328\" data-element_type=\"widget\" data-e-type=\"widget\" data-widget_type=\"e_image_hover_effects.default\">\n\t\t\t\t<div class=\"elementor-widget-container\">\n\t\t\t\t\t\t\t\t<div class=\"eihe-box eihe-fade-in-up eihe_center\">\n\t\t\t\t<img loading=\"lazy\" decoding=\"async\" width=\"1473\" height=\"1474\" src=\"https:\/\/juwelier-elling.de\/wp-content\/uploads\/2020\/08\/Ringe-Mokume-Gane.jpg\" class=\"attachment-full size-full wp-image-516\" alt=\"\" srcset=\"https:\/\/juwelier-elling.de\/wp-content\/uploads\/2020\/08\/Ringe-Mokume-Gane.jpg 1473w, https:\/\/juwelier-elling.de\/wp-content\/uploads\/2020\/08\/Ringe-Mokume-Gane-300x300.jpg 300w, https:\/\/juwelier-elling.de\/wp-content\/uploads\/2020\/08\/Ringe-Mokume-Gane-1024x1024.jpg 1024w, https:\/\/juwelier-elling.de\/wp-content\/uploads\/2020\/08\/Ringe-Mokume-Gane-150x150.jpg 150w, https:\/\/juwelier-elling.de\/wp-content\/uploads\/2020\/08\/Ringe-Mokume-Gane-768x769.jpg 768w\" sizes=\"(max-width: 1473px) 100vw, 1473px\" \/>\t\t\t\t<div class=\"eihe-caption\">\n\t\t\t\t\t<div class=\"eihe-title-cover\">\n\t\t\t\t\t\t\t\t\t\t\t\t<h3 class=\"eihe-title\">Ringe<br \/>Mokume Gane<\/h3>\n\t\t\t\t\t\t\t\t\t\t\t<\/div>\n\t\t\t\t\t<p><\/p>\n\t\t\t\t<\/div>\n\t\t\t<\/div>\n\t\t\t\t\t\t<\/div>\n\t\t\t\t<\/div>\n\t\t\t\t\t<\/div>\n\t\t<\/div>\n\t\t\t\t<div class=\"elementor-column elementor-col-33 elementor-top-column elementor-element elementor-element-ca43d98\" data-id=\"ca43d98\" data-element_type=\"column\" data-e-type=\"column\">\n\t\t\t<div class=\"elementor-widget-wrap elementor-element-populated\">\n\t\t\t\t\t\t<div class=\"elementor-element elementor-element-05de483 elementor-widget elementor-widget-e_image_hover_effects\" data-id=\"05de483\" data-element_type=\"widget\" data-e-type=\"widget\" data-widget_type=\"e_image_hover_effects.default\">\n\t\t\t\t<div class=\"elementor-widget-container\">\n\t\t\t\t\t\t\t\t<div class=\"eihe-box eihe-fade-in-up eihe_center\">\n\t\t\t\t<img loading=\"lazy\" decoding=\"async\" width=\"1656\" height=\"1656\" src=\"https:\/\/juwelier-elling.de\/wp-content\/uploads\/2020\/08\/Trauringe-Struktur.jpg\" class=\"attachment-full size-full wp-image-517\" alt=\"\" srcset=\"https:\/\/juwelier-elling.de\/wp-content\/uploads\/2020\/08\/Trauringe-Struktur.jpg 1656w, https:\/\/juwelier-elling.de\/wp-content\/uploads\/2020\/08\/Trauringe-Struktur-300x300.jpg 300w, https:\/\/juwelier-elling.de\/wp-content\/uploads\/2020\/08\/Trauringe-Struktur-1024x1024.jpg 1024w, https:\/\/juwelier-elling.de\/wp-content\/uploads\/2020\/08\/Trauringe-Struktur-150x150.jpg 150w, https:\/\/juwelier-elling.de\/wp-content\/uploads\/2020\/08\/Trauringe-Struktur-768x768.jpg 768w, https:\/\/juwelier-elling.de\/wp-content\/uploads\/2020\/08\/Trauringe-Struktur-1536x1536.jpg 1536w\" sizes=\"(max-width: 1656px) 100vw, 1656px\" \/>\t\t\t\t<div class=\"eihe-caption\">\n\t\t\t\t\t<div class=\"eihe-title-cover\">\n\t\t\t\t\t\t\t\t\t\t\t\t<h3 class=\"eihe-title\">Trauringe Struktur<\/h3>\n\t\t\t\t\t\t\t\t\t\t\t<\/div>\n\t\t\t\t\t<p><\/p>\n\t\t\t\t<\/div>\n\t\t\t<\/div>\n\t\t\t\t\t\t<\/div>\n\t\t\t\t<\/div>\n\t\t\t\t\t<\/div>\n\t\t<\/div>\n\t\t\t\t\t<\/div>\n\t\t<\/section>\n\t\t\t\t<\/div>\n\t\t","protected":false},"excerpt":{"rendered":"<p>Die Verlockungen der neuen Form Stets hat uns die die Vorstellung neue Formen zu entwickeln, dem Material die M\u00f6glichkeiten zu entlocken, begeistert. Das war unser Beweggrund, Design zu studieren. Schmuck ist etwas sehr Individuelles, K\u00f6rperbezogenes. Der ideale Ring hat immer etwas mit der Hand zu tun, f\u00fcr die er angefertigt<a class=\"moretag\" href=\"https:\/\/juwelier-elling.de\/index.php\/goldschmiede\/unikate\/\"> Weiterlesen<\/a><\/p>\n","protected":false},"author":1,"featured_media":0,"parent":11,"menu_order":0,"comment_status":"closed","ping_status":"closed","template":"page-templates\/template-fullwidth.php","meta":{"footnotes":""},"class_list":["post-336","page","type-page","status-publish","hentry"],"jetpack_sharing_enabled":true,"_links":{"self":[{"href":"https:\/\/juwelier-elling.de\/index.php\/wp-json\/wp\/v2\/pages\/336","targetHints":{"allow":["GET"]}}],"collection":[{"href":"https:\/\/juwelier-elling.de\/index.php\/wp-json\/wp\/v2\/pages"}],"about":[{"href":"https:\/\/juwelier-elling.de\/index.php\/wp-json\/wp\/v2\/types\/page"}],"author":[{"embeddable":true,"href":"https:\/\/juwelier-elling.de\/index.php\/wp-json\/wp\/v2\/users\/1"}],"replies":[{"embeddable":true,"href":"https:\/\/juwelier-elling.de\/index.php\/wp-json\/wp\/v2\/comments?post=336"}],"version-history":[{"count":14,"href":"https:\/\/juwelier-elling.de\/index.php\/wp-json\/wp\/v2\/pages\/336\/revisions"}],"predecessor-version":[{"id":569,"href":"https:\/\/juwelier-elling.de\/index.php\/wp-json\/wp\/v2\/pages\/336\/revisions\/569"}],"up":[{"embeddable":true,"href":"https:\/\/juwelier-elling.de\/index.php\/wp-json\/wp\/v2\/pages\/11"}],"wp:attachment":[{"href":"https:\/\/juwelier-elling.de\/index.php\/wp-json\/wp\/v2\/media?parent=336"}],"curies":[{"name":"wp","href":"https:\/\/api.w.org\/{rel}","templated":true}]}}